{"id":30,"date":"2015-03-18T12:43:16","date_gmt":"2015-03-18T11:43:16","guid":{"rendered":"http:\/\/gastonx.net\/kunden\/gruler\/?page_id=30"},"modified":"2024-03-06T14:57:23","modified_gmt":"2024-03-06T13:57:23","slug":"notfaelle","status":"publish","type":"page","link":"https:\/\/dr-gruler.de\/?page_id=30","title":{"rendered":"Notf\u00e4lle"},"content":{"rendered":"<h3>Was tun, wenn die Praxis geschlossen hat?<\/h3>\n<p><strong>1. Handlungsoption: Abwarten<\/strong><\/p>\n<p><strong>Kann der Arztbesuch bis morgen warten?<\/strong><\/p>\n<p>Sie f\u00fchlen sich nicht gut, aber Sie kennen die Symptome und k\u00f6nnen sie richtig einordnen. Sie haben die n\u00f6tigen Hausmittel oder Medikamente zu Hause und vertrauen darauf, dass es Ihnen bald wieder besser geht. Es reicht, wenn Sie sich schonen und am n\u00e4chsten Werktag die Arztpraxis Ihres Vertrauens aufsuchen. Wenn Ihre Beschwerden schon seit mehreren Tagen oder gar Wochen bestehen, vereinbaren Sie bitte ganz regul\u00e4r einen Termin in der Sprechstunde.<\/p>\n<p><strong>2. Handlungsoption: Notfallpraxis<\/strong><\/p>\n<p><strong>Der Arztbesuch kann <span style=\"text-decoration: underline;\">nicht<\/span> bis morgen warten!<\/strong><\/p>\n<p>Ihre Situation ist nicht bedrohlich, aber Sie k\u00f6nnen nicht so lange warten, bis Ihr Arzt am n\u00e4chsten Werktag wieder Sprechstunde hat. Sie geh\u00f6ren nicht in die Notaufnahme und k\u00f6nnen sich die oftmals langen Wartezeiten dort sparen. Sie sind ein Fall f\u00fcr den \u00e4rztlichen Bereitschaftsdienst, der immer dann erreichbar ist, wenn normale Praxen nicht ge\u00f6ffnet haben. \u00dcber den Patientenservice unter der <strong>Rufnummer 116117<\/strong>. F\u00fcr bettl\u00e4gerige Menschen k\u00f6nnen die geschulten Fachkr\u00e4fte einen Hausbesuch organisieren. Diese kostenlose Telefonnummer funktioniert ohne Vorwahl und ist rund um die Uhr besetzt.<\/p>\n<p><strong>\u00c4rztlicher Bereitschaftsdienst Notfallpraxis Klinikum Tuttlingen<\/strong><\/p>\n<p>Zeppelinstra\u00dfe 21, 78532 Tuttlingen<\/p>\n<p><strong>In dringenden medizinischen F\u00e4llen gehen Sie einfach direkt hin.<\/strong><\/p>\n<p><strong>\u00d6ffnungszeiten Notfallpraxis:<\/strong><\/p>\n<p>Montag, Dienstag, Donnerstag: 19:00-21:00 Uhr<br \/>\nMittwoch, Freitag: 18:00-21:00 Uhr<br \/>\nSamstag, Sonn- und Feiertage: 9:00-21:00 Uhr<\/p>\n<p><strong>3. Handlungsoption: Notruf 112<\/strong><\/p>\n<p><strong>Akuter Notfall: Wenn jede Minute z\u00e4hlt:<\/strong><\/p>\n<p>Sie hatten einen Unfall und sind schwer oder sogar lebensbedrohlich verletz? Oder Sie haben auf einmal starke Beschwerden und machen sich Sorgen um Ihr Leben? Verlieren Sie keine Zeit: W\u00e4hlen Sie die <strong>112<\/strong>. Bei einem akuten Notfall brauchen Sie sofort den Rettungsdienst oder die Notaufnahme\u00a0eines Krankenhauses.<\/p>\n","protected":false},"excerpt":{"rendered":"<p>Was tun, wenn die Praxis geschlossen hat? 1. Handlungsoption: Abwarten Kann der Arztbesuch bis morgen warten? Sie f\u00fchlen sich nicht gut, aber Sie kennen die Symptome und k\u00f6nnen sie richtig einordnen. Sie haben die n\u00f6tigen Hausmittel oder Medikamente zu Hause und vertrauen darauf, dass es Ihnen bald wieder besser geht. Es reicht, wenn Sie sich &hellip; <a href=\"https:\/\/dr-gruler.de\/?page_id=30\" class=\"more-link\"><span class=\"screen-reader-text\">Notf\u00e4lle<\/span> weiterlesen <span class=\"meta-nav\">&rarr;<\/span><\/a><\/p>\n","protected":false},"author":1,"featured_media":0,"parent":0,"menu_order":9,"comment_status":"open","ping_status":"open","template":"","meta":{"footnotes":""},"class_list":["post-30","page","type-page","status-publish","hentry"],"_links":{"self":[{"href":"https:\/\/dr-gruler.de\/index.php?rest_route=\/wp\/v2\/pages\/30","targetHints":{"allow":["GET"]}}],"collection":[{"href":"https:\/\/dr-gruler.de\/index.php?rest_route=\/wp\/v2\/pages"}],"about":[{"href":"https:\/\/dr-gruler.de\/index.php?rest_route=\/wp\/v2\/types\/page"}],"author":[{"embeddable":true,"href":"https:\/\/dr-gruler.de\/index.php?rest_route=\/wp\/v2\/users\/1"}],"replies":[{"embeddable":true,"href":"https:\/\/dr-gruler.de\/index.php?rest_route=%2Fwp%2Fv2%2Fcomments&post=30"}],"version-history":[{"count":6,"href":"https:\/\/dr-gruler.de\/index.php?rest_route=\/wp\/v2\/pages\/30\/revisions"}],"predecessor-version":[{"id":304,"href":"https:\/\/dr-gruler.de\/index.php?rest_route=\/wp\/v2\/pages\/30\/revisions\/304"}],"wp:attachment":[{"href":"https:\/\/dr-gruler.de\/index.php?rest_route=%2Fwp%2Fv2%2Fmedia&parent=30"}],"curies":[{"name":"wp","href":"https:\/\/api.w.org\/{rel}","templated":true}]}}