{"id":40,"date":"2015-04-07T17:23:56","date_gmt":"2015-04-07T15:23:56","guid":{"rendered":"http:\/\/gastonx.net\/kunden\/gruler\/?page_id=40"},"modified":"2015-04-15T09:55:55","modified_gmt":"2015-04-15T07:55:55","slug":"praxisablauf","status":"publish","type":"page","link":"https:\/\/dr-gruler.de\/?page_id=40","title":{"rendered":"Praxisablauf"},"content":{"rendered":"<p>Unsere Praxis ist eine <strong>Bestell- \/ Terminpraxis<\/strong>,<br \/>\nd.h. um f\u00fcr Sie unn\u00f6tige Wartezeiten zu vermeiden, vereinbaren wir mit Ihnen individuelle, feste Behandlungstermine. Diese Termine sind nur und ausschlie\u00dflich f\u00fcr Sie reserviert.<\/p>\n<p>Bei akuten Erkrankungen (z.B. Grippe oder akute Schmerzen) kann niemand eine Woche auf einen Termin warten. Daher werden Kurztermine geplant, die m\u00f6glichst noch am selben Tag stattfinden.<\/p>\n<p>Wenn Sie ein anderes Problem oder eine chronische Erkrankung haben, eine Vorsorgema\u00dfnahme oder eine Beratung w\u00fcnschen, planen wir einen normalen Sprechstundentermin.<\/p>\n<p>Da wir absolute Notfallpatienten unverz\u00fcglich behandeln m\u00fcssen, werden sich Wartezeiten nicht v\u00f6llig vermeiden lassen.<\/p>\n<p>Wir bitten unsere Patienten, Termine die nicht wahrgenommen werden k\u00f6nnen, rechtzeitig abzusagen.<\/p>\n","protected":false},"excerpt":{"rendered":"<p>Unsere Praxis ist eine Bestell- \/ Terminpraxis, d.h. um f\u00fcr Sie unn\u00f6tige Wartezeiten zu vermeiden, vereinbaren wir mit Ihnen individuelle, feste Behandlungstermine. Diese Termine sind nur und ausschlie\u00dflich f\u00fcr Sie reserviert. Bei akuten Erkrankungen (z.B. Grippe oder akute Schmerzen) kann niemand eine Woche auf einen Termin warten. Daher werden Kurztermine geplant, die m\u00f6glichst noch am &hellip; <a href=\"https:\/\/dr-gruler.de\/?page_id=40\" class=\"more-link\"><span class=\"screen-reader-text\">Praxisablauf<\/span> weiterlesen <span class=\"meta-nav\">&rarr;<\/span><\/a><\/p>\n","protected":false},"author":1,"featured_media":82,"parent":0,"menu_order":4,"comment_status":"open","ping_status":"open","template":"","meta":{"footnotes":""},"class_list":["post-40","page","type-page","status-publish","has-post-thumbnail","hentry"],"_links":{"self":[{"href":"https:\/\/dr-gruler.de\/index.php?rest_route=\/wp\/v2\/pages\/40","targetHints":{"allow":["GET"]}}],"collection":[{"href":"https:\/\/dr-gruler.de\/index.php?rest_route=\/wp\/v2\/pages"}],"about":[{"href":"https:\/\/dr-gruler.de\/index.php?rest_route=\/wp\/v2\/types\/page"}],"author":[{"embeddable":true,"href":"https:\/\/dr-gruler.de\/index.php?rest_route=\/wp\/v2\/users\/1"}],"replies":[{"embeddable":true,"href":"https:\/\/dr-gruler.de\/index.php?rest_route=%2Fwp%2Fv2%2Fcomments&post=40"}],"version-history":[{"count":6,"href":"https:\/\/dr-gruler.de\/index.php?rest_route=\/wp\/v2\/pages\/40\/revisions"}],"predecessor-version":[{"id":197,"href":"https:\/\/dr-gruler.de\/index.php?rest_route=\/wp\/v2\/pages\/40\/revisions\/197"}],"wp:featuredmedia":[{"embeddable":true,"href":"https:\/\/dr-gruler.de\/index.php?rest_route=\/wp\/v2\/media\/82"}],"wp:attachment":[{"href":"https:\/\/dr-gruler.de\/index.php?rest_route=%2Fwp%2Fv2%2Fmedia&parent=40"}],"curies":[{"name":"wp","href":"https:\/\/api.w.org\/{rel}","templated":true}]}}