{"id":45,"date":"2015-04-07T17:29:12","date_gmt":"2015-04-07T15:29:12","guid":{"rendered":"http:\/\/gastonx.net\/kunden\/gruler\/?page_id=45"},"modified":"2015-04-09T10:44:47","modified_gmt":"2015-04-09T08:44:47","slug":"familienpraxis","status":"publish","type":"page","link":"https:\/\/dr-gruler.de\/?page_id=45","title":{"rendered":"Familienpraxis"},"content":{"rendered":"<p>Als <b>Familienpraxis<\/b> behandeln wir auch Kinder\u00a0vom S\u00e4ugling bis zum Jugendlichen.<\/p>\n<p>Mit akuten Erkrankungen wie Atemwegsinfekten, Hautkrankheiten, Ohrenschmerzen,\u00a0<img loading=\"lazy\" decoding=\"async\" class=\"alignright size-full wp-image-102\" src=\"http:\/\/dr-gruler.de\/wp-content\/uploads\/2015\/04\/Bildschirmfoto-2015-04-09-um-10.45.06.png\" alt=\"Bildschirmfoto 2015-04-09 um 10.45.06\" width=\"81\" height=\"111\" \/>Magen-Darm-Infekten, Verletzungen etc.\u00a0d\u00fcrfen Sie Ihr Kind jederzeit anmelden &#8211; wir werden einen schnellen Termin erm\u00f6glichen und Ihnen weite Fahrwege ersparen.<\/p>\n<p>Bei chronischen Erkrankungen, Allergien, Entwicklungsst\u00f6rungen, f\u00fcr Vorsorgeuntersuchungen und Impfungen im S\u00e4uglings- bis ins Schulkinderalter raten wir Ihnen aber zur Vorstellung bei den kinder\u00e4rztlichen Kollegen.<\/p>\n","protected":false},"excerpt":{"rendered":"<p>Als Familienpraxis behandeln wir auch Kinder\u00a0vom S\u00e4ugling bis zum Jugendlichen. Mit akuten Erkrankungen wie Atemwegsinfekten, Hautkrankheiten, Ohrenschmerzen,\u00a0Magen-Darm-Infekten, Verletzungen etc.\u00a0d\u00fcrfen Sie Ihr Kind jederzeit anmelden &#8211; wir werden einen schnellen Termin erm\u00f6glichen und Ihnen weite Fahrwege ersparen. Bei chronischen Erkrankungen, Allergien, Entwicklungsst\u00f6rungen, f\u00fcr Vorsorgeuntersuchungen und Impfungen im S\u00e4uglings- bis ins Schulkinderalter raten wir Ihnen aber zur &hellip; <a href=\"https:\/\/dr-gruler.de\/?page_id=45\" class=\"more-link\"><span class=\"screen-reader-text\">Familienpraxis<\/span> weiterlesen <span class=\"meta-nav\">&rarr;<\/span><\/a><\/p>\n","protected":false},"author":1,"featured_media":101,"parent":0,"menu_order":7,"comment_status":"open","ping_status":"open","template":"","meta":{"footnotes":""},"class_list":["post-45","page","type-page","status-publish","has-post-thumbnail","hentry"],"_links":{"self":[{"href":"https:\/\/dr-gruler.de\/index.php?rest_route=\/wp\/v2\/pages\/45","targetHints":{"allow":["GET"]}}],"collection":[{"href":"https:\/\/dr-gruler.de\/index.php?rest_route=\/wp\/v2\/pages"}],"about":[{"href":"https:\/\/dr-gruler.de\/index.php?rest_route=\/wp\/v2\/types\/page"}],"author":[{"embeddable":true,"href":"https:\/\/dr-gruler.de\/index.php?rest_route=\/wp\/v2\/users\/1"}],"replies":[{"embeddable":true,"href":"https:\/\/dr-gruler.de\/index.php?rest_route=%2Fwp%2Fv2%2Fcomments&post=45"}],"version-history":[{"count":2,"href":"https:\/\/dr-gruler.de\/index.php?rest_route=\/wp\/v2\/pages\/45\/revisions"}],"predecessor-version":[{"id":103,"href":"https:\/\/dr-gruler.de\/index.php?rest_route=\/wp\/v2\/pages\/45\/revisions\/103"}],"wp:featuredmedia":[{"embeddable":true,"href":"https:\/\/dr-gruler.de\/index.php?rest_route=\/wp\/v2\/media\/101"}],"wp:attachment":[{"href":"https:\/\/dr-gruler.de\/index.php?rest_route=%2Fwp%2Fv2%2Fmedia&parent=45"}],"curies":[{"name":"wp","href":"https:\/\/api.w.org\/{rel}","templated":true}]}}