{"id":47,"date":"2015-04-07T17:31:15","date_gmt":"2015-04-07T15:31:15","guid":{"rendered":"http:\/\/gastonx.net\/kunden\/gruler\/?page_id=47"},"modified":"2015-04-16T08:45:59","modified_gmt":"2015-04-16T06:45:59","slug":"individuelle-gesundheitsleistungen","status":"publish","type":"page","link":"https:\/\/dr-gruler.de\/?page_id=47","title":{"rendered":"Individuelle Gesundheitsleistungen"},"content":{"rendered":"<p><b>Akupunktur<\/b><\/p>\n<p><img loading=\"lazy\" decoding=\"async\" class=\"alignright size-medium wp-image-104\" src=\"http:\/\/dr-gruler.de\/wp-content\/uploads\/2015\/04\/Bildschirmfoto-2015-04-09-um-10.46.24-300x210.png\" alt=\"Bildschirmfoto 2015-04-09 um 10.46.24\" width=\"300\" height=\"210\" srcset=\"https:\/\/dr-gruler.de\/wp-content\/uploads\/2015\/04\/Bildschirmfoto-2015-04-09-um-10.46.24-300x210.png 300w, https:\/\/dr-gruler.de\/wp-content\/uploads\/2015\/04\/Bildschirmfoto-2015-04-09-um-10.46.24-250x175.png 250w, https:\/\/dr-gruler.de\/wp-content\/uploads\/2015\/04\/Bildschirmfoto-2015-04-09-um-10.46.24.png 307w\" sizes=\"auto, (max-width: 300px) 100vw, 300px\" \/><\/p>\n<p>Anwendungsgebiete:<\/p>\n<ul>\n<li>Erkrankungen des Atmungssystems z.B. Bronchialasthma<\/li>\n<li>Magen-\/Darm-St\u00f6rungen<\/li>\n<li>Schlafst\u00f6rungen<\/li>\n<li>Neurologische St\u00f6rungen, insbesondere Kopfschmerzen<\/li>\n<li>Zyklusst\u00f6rungen der Frau<\/li>\n<li>Erkrankungen des Bewegungsapparates<\/li>\n<\/ul>\n<p>&nbsp;<\/p>\n<p><b>Nat\u00fcrliche Hormontherapie<\/b><\/p>\n<p>Wenn unsere nat\u00fcrliche Hormonlage aus dem Gleichgewicht geraten ist, z.B. in der <img loading=\"lazy\" decoding=\"async\" class=\"alignright size-full wp-image-105\" src=\"http:\/\/dr-gruler.de\/wp-content\/uploads\/2015\/04\/Bildschirmfoto-2015-04-09-um-10.47.30.png\" alt=\"Bildschirmfoto 2015-04-09 um 10.47.30\" width=\"86\" height=\"107\" \/>Pubert\u00e4t, nach einer Schwangerschaft, wenn Frauen und auch M\u00e4nner(!) in die Jahre kommen, dann kann es zu vielf\u00e4ltigen Beschwerden kommen.<\/p>\n<p>Wissenschaftliche Untersuchungen zeigen, wie wichtig das geordnete Zusammenspiel aller Hormone f\u00fcr unsere Gesundheit ist.<\/p>\n<p>&nbsp;<\/p>\n<p><b>Kinesio-Tape<\/b><\/p>\n<p>Das <b>Kinesio-Tape<\/b> ist eine Therapiemethode von schmerzhaften Erkrankungen, <img loading=\"lazy\" decoding=\"async\" class=\"alignright size-full wp-image-107\" src=\"http:\/\/dr-gruler.de\/wp-content\/uploads\/2015\/04\/Bildschirmfoto-2015-04-09-um-10.48.29.png\" alt=\"Bildschirmfoto 2015-04-09 um 10.48.29\" width=\"219\" height=\"214\" \/>insbesondere des Muskel-, Sehnen- oder Skelettapparates. Die Behandlung erfolgt durch das Aufbringen von elastischen Klebeb\u00e4ndern auf Baumwollbasis direkt auf die Haut. Dort verbleiben die Klebestreifen zwischen einigen Tagen und bis zu zwei Wochen.<\/p>\n<p>Die Wirkung beruht im Wesentlichen auf zwei Faktoren.\u00a0Zum einen auf der direkten Stimulation der Haut-rezeptoren und zum anderen auf einer wellenf\u00f6rmigen\u00a0Gewebeanhebung unter dem Band. Dadurch w\u00fcrde\u00a0unter dem Tape die Blut- und Lymphzirkulation erh\u00f6ht.<\/p>\n<p style=\"text-align: center;\"><strong>Bei Interesse oder Fragen sprechen Sie uns bitte an!<\/strong><\/p>\n","protected":false},"excerpt":{"rendered":"<p>Akupunktur Anwendungsgebiete: Erkrankungen des Atmungssystems z.B. Bronchialasthma Magen-\/Darm-St\u00f6rungen Schlafst\u00f6rungen Neurologische St\u00f6rungen, insbesondere Kopfschmerzen Zyklusst\u00f6rungen der Frau Erkrankungen des Bewegungsapparates &nbsp; Nat\u00fcrliche Hormontherapie Wenn unsere nat\u00fcrliche Hormonlage aus dem Gleichgewicht geraten ist, z.B. in der Pubert\u00e4t, nach einer Schwangerschaft, wenn Frauen und auch M\u00e4nner(!) in die Jahre kommen, dann kann es zu vielf\u00e4ltigen Beschwerden kommen. Wissenschaftliche &hellip; <a href=\"https:\/\/dr-gruler.de\/?page_id=47\" class=\"more-link\"><span class=\"screen-reader-text\">Individuelle Gesundheitsleistungen<\/span> weiterlesen <span class=\"meta-nav\">&rarr;<\/span><\/a><\/p>\n","protected":false},"author":1,"featured_media":0,"parent":0,"menu_order":8,"comment_status":"open","ping_status":"open","template":"","meta":{"footnotes":""},"class_list":["post-47","page","type-page","status-publish","hentry"],"_links":{"self":[{"href":"https:\/\/dr-gruler.de\/index.php?rest_route=\/wp\/v2\/pages\/47","targetHints":{"allow":["GET"]}}],"collection":[{"href":"https:\/\/dr-gruler.de\/index.php?rest_route=\/wp\/v2\/pages"}],"about":[{"href":"https:\/\/dr-gruler.de\/index.php?rest_route=\/wp\/v2\/types\/page"}],"author":[{"embeddable":true,"href":"https:\/\/dr-gruler.de\/index.php?rest_route=\/wp\/v2\/users\/1"}],"replies":[{"embeddable":true,"href":"https:\/\/dr-gruler.de\/index.php?rest_route=%2Fwp%2Fv2%2Fcomments&post=47"}],"version-history":[{"count":4,"href":"https:\/\/dr-gruler.de\/index.php?rest_route=\/wp\/v2\/pages\/47\/revisions"}],"predecessor-version":[{"id":222,"href":"https:\/\/dr-gruler.de\/index.php?rest_route=\/wp\/v2\/pages\/47\/revisions\/222"}],"wp:attachment":[{"href":"https:\/\/dr-gruler.de\/index.php?rest_route=%2Fwp%2Fv2%2Fmedia&parent=47"}],"curies":[{"name":"wp","href":"https:\/\/api.w.org\/{rel}","templated":true}]}}