{"id":53,"date":"2015-04-07T17:32:45","date_gmt":"2015-04-07T15:32:45","guid":{"rendered":"http:\/\/gastonx.net\/kunden\/gruler\/?page_id=53"},"modified":"2015-05-04T11:08:29","modified_gmt":"2015-05-04T09:08:29","slug":"aktuelles","status":"publish","type":"page","link":"https:\/\/dr-gruler.de\/?page_id=53","title":{"rendered":"Aktuelles"},"content":{"rendered":"<p><strong><em>04.05.2015<\/em><\/strong><br \/>\nAb sofort sind wir zu den Sprechzeiten gerne f\u00fcr Sie da. Wir freuen uns auf Sie.<\/p>\n<p><strong><em>20.04.2015<\/em><\/strong><br \/>\nDas Warten hat ein Ende, ab dem 04.Mai 2015 wird die neue Arztpraxis f\u00fcr Allgemeinmedizin ihren Betrieb f\u00fcr die Patienten in der Bismarckstra\u00dfe 64 aufnehmen.<\/p>\n","protected":false},"excerpt":{"rendered":"<p>04.05.2015 Ab sofort sind wir zu den Sprechzeiten gerne f\u00fcr Sie da. Wir freuen uns auf Sie. 20.04.2015 Das Warten hat ein Ende, ab dem 04.Mai 2015 wird die neue Arztpraxis f\u00fcr Allgemeinmedizin ihren Betrieb f\u00fcr die Patienten in der Bismarckstra\u00dfe 64 aufnehmen.<\/p>\n","protected":false},"author":1,"featured_media":0,"parent":0,"menu_order":12,"comment_status":"open","ping_status":"open","template":"","meta":{"footnotes":""},"class_list":["post-53","page","type-page","status-publish","hentry"],"_links":{"self":[{"href":"https:\/\/dr-gruler.de\/index.php?rest_route=\/wp\/v2\/pages\/53","targetHints":{"allow":["GET"]}}],"collection":[{"href":"https:\/\/dr-gruler.de\/index.php?rest_route=\/wp\/v2\/pages"}],"about":[{"href":"https:\/\/dr-gruler.de\/index.php?rest_route=\/wp\/v2\/types\/page"}],"author":[{"embeddable":true,"href":"https:\/\/dr-gruler.de\/index.php?rest_route=\/wp\/v2\/users\/1"}],"replies":[{"embeddable":true,"href":"https:\/\/dr-gruler.de\/index.php?rest_route=%2Fwp%2Fv2%2Fcomments&post=53"}],"version-history":[{"count":6,"href":"https:\/\/dr-gruler.de\/index.php?rest_route=\/wp\/v2\/pages\/53\/revisions"}],"predecessor-version":[{"id":236,"href":"https:\/\/dr-gruler.de\/index.php?rest_route=\/wp\/v2\/pages\/53\/revisions\/236"}],"wp:attachment":[{"href":"https:\/\/dr-gruler.de\/index.php?rest_route=%2Fwp%2Fv2%2Fmedia&parent=53"}],"curies":[{"name":"wp","href":"https:\/\/api.w.org\/{rel}","templated":true}]}}